{"id":7020,"date":"2025-03-12T12:02:48","date_gmt":"2025-03-12T15:02:48","guid":{"rendered":"https:\/\/www.primola.com.br\/?page_id=7020"},"modified":"2025-06-15T14:50:35","modified_gmt":"2025-06-15T17:50:35","slug":"sobre-nos","status":"publish","type":"page","link":"https:\/\/www.primola.com.br\/?page_id=7020","title":{"rendered":"Sobre N\u00f3s"},"content":{"rendered":"<section class=\"row-equal-height brando-row-1 row-content-top position-relative no-margin-tb xs-margin-ten-bottom\"><div class=\"container brando-row-flex\"><div class=\"wpb_column brando-column-container brando-column-1 vc_col-sm-12 col-xs-mobile-fullwidth margin-six-bottom xs-margin-six-bottom\" data-front-class=\"brando-column-container brando-column-1 col-xs-mobile-fullwidth margin-six-bottom xs-margin-six-bottom\"><div class=\"vc-column-innner-wrapper\"><div class=\"wpd-innner-wrapper\"><h2 class=\"alt-font font-weight-700 title-thick-underline border-color-fast-yellow display-inline-block  black-text heading-style4 margin-six-bottom xs-margin-fifteen-bottom brando-heading-1\" style=\"border-color:#9E194B !important;\">Sobre N\u00f3s<\/h2><div class=\"brando-text-1 no-padding-tb no-margin-tb\"><p><strong>A Pr\u00edmola \u00e9 uma ind\u00fastria que se posiciona com uma incessante preocupa\u00e7\u00e3o em entregar excel\u00eancia em forma de fragr\u00e2ncias para o mercado consumidor.<\/strong><\/p>\n<p><strong>O ESSENCIAL \u00c9 INVIS\u00cdVEL AOS OLHOS. Nos orgulhamos de desenvolver fragr\u00e2ncias \u00fanicas e exclusivas com uma ampla paleta de ingredientes de qualidade global.<\/strong> Nosso processo produtivo possui uma r\u00e9gua de atendimento que prev\u00ea um fluxo \u00e1gil de resultados. Produzimos as melhores fragr\u00e2ncias do mercado e, para isso, mantemos uma duradoura parceria com a Givaudan, a maior casa de fragr\u00e2ncias do mundo. Com mat\u00e9ria-prima diversificada e com mais de 27 anos de mercado, a Pr\u00edmola Fragr\u00e2ncias atua no Norte, Nordeste, Centro-oeste, Minas Gerais e Esp\u00edrito Santo. Por isso, nos orgulhamos de espalhar cheiros e sensa\u00e7\u00f5es nos melhores produtos que perfumam os lares do Brasil, proporcionando sempre o essencial invis\u00edvel aos olhos. A Pr\u00edmola est\u00e1 presente em diversas categorias de produtos, tais como Produtos de Limpeza, Perfumaria Fina, Cosm\u00e9ticos e Higiene Pessoal, Produtos Pet Care, Produtos de Cuidado com o ambiente e Casas de Revenda.<\/p>\n<p>&nbsp;<\/p>\n<h4><strong>Sabe o que \u00e9 ser Pr\u00edmola?<\/strong><\/h4>\n<p>\u00c9 entregar a ALMA em forma de EMO\u00c7\u00d5ES OLFATIVAS para os nossos clientes. Nos orgulhamos de produzir a PERSONALIDADE de cada produto, de forma \u00daNICA e EXCLUSIVA. Entregar FRAGR\u00c2NCIAS \u00e9 a \u00faltima etapa. O que entregamos mesmo s\u00e3o PROJETOS bem-sucedidos que trazem RESULTADOS ao CLIENTE.<\/p>\n<p>SOMOS CRIATIVOS: Oferecendo produtos identit\u00e1rios e exclusivos, sob demanda, para cada tipo de cliente. SOMOS RESPONS\u00c1VEIS: Provendo opera\u00e7\u00e3o multidisciplinar e em constante atualiza\u00e7\u00e3o com as tend\u00eancias de mercado. SOMOS PONTUAIS: Modelando log\u00edstica, lead time e rotina de acompanhamento das fragr\u00e2ncias. SOMOS PACEIROS: Municiando o cliente com ferramentas eficientes de Marketing e for\u00e7a de Vendas consultiva.<\/p>\n<p>&nbsp;<\/p>\n<h4><strong>O in\u00edcio da Pr\u00edmola<\/strong><\/h4>\n<p>Tudo come\u00e7ou com uma dedicada atua\u00e7\u00e3o do nosso Diretor Comercial e fundador da Pr\u00edmola, Jos\u00e9 Mattoso que, no in\u00edcio de 1991 ingressou no mercado de fragr\u00e2ncias, como Gerente de Produtos da Givaudan e se apaixonou \u00e0 primeira vista pelo universo olfativo. Em 1997, j\u00e1 no cargo de executivo de contas do grupo, foi convidado para assumir o desafio de desenvolver o Norte, Nordeste, Centro-Oeste, Minas Gerais e Esp\u00edrito Santo. Existia naquele tempo uma barreira sociocultural muito destoante do restante do pa\u00eds e, portanto, Mattoso visualizou um modelo de neg\u00f3cio que contemplasse as solu\u00e7\u00f5es mais procuradas por empresas que atuavam nestas regi\u00f5es. Foi ent\u00e3o que ap\u00f3s um ano, nasceu a Pr\u00edmola, fruto da aposta junto com a Givaudan, com o objetivo de viabilizar o fornecimento de fragr\u00e2ncias para as empresas localizadas naquela \u00e1rea de atua\u00e7\u00e3o.<\/p>\n<p>&nbsp;<\/p>\n<h4><strong>A expans\u00e3o<\/strong><\/h4>\n<p>Em 2000, com pouco mais de 2 anos de opera\u00e7\u00f5es, nasce a filial fabril de Goi\u00e2nia\/GO, dando mais celeridade \u00e0s demandas da regi\u00e3o Centro-Oeste. Em 2004, a Pr\u00edmola passa por uma amplia\u00e7\u00e3o da planta industrial e em 2010 esta mesma planta passa por uma moderniza\u00e7\u00e3o, ganhando mais produtividade para o neg\u00f3cio. Em 2019, a ind\u00fastria precisou ser alocada por conta da duplica\u00e7\u00e3o da capacidade da planta. Recentemente, em 2024, iniciou-se a opera\u00e7\u00e3o na nova planta de Santa Luzia\/MG para atender a demanda da regi\u00e3o com mais excel\u00eancia.<\/p>\n<p>&nbsp;<\/p>\n<h4><strong>Cultura Organizacional<\/strong><\/h4>\n<\/div><\/div><\/div><\/div><\/div><\/section><section class=\"brando-row-2 no-margin-tb\"><div class=\"container\"><div class=\"row\"><div class=\"wpb_column brando-column-container brando-column-2 vc_col-sm-4 col-xs-mobile-fullwidth padding-three-all md-padding-three-all sm-padding-three-all xs-padding-ten-all no-margin-tb\" data-front-class=\"brando-column-container brando-column-2 col-xs-mobile-fullwidth padding-three-all md-padding-three-all sm-padding-three-all xs-padding-ten-all no-margin-tb\" style=\"background-color:#E1DEDE;\" data-background-color=\"#E1DEDE\"><div class=\"vc-column-innner-wrapper\"><div class=\"wpd-innner-wrapper\"><div class=\"brando-text-2\"><h4><strong>Miss\u00e3o<\/strong><\/h4>\n<p>Nosso prop\u00f3sito como empresa \u00e9 <strong>\u201cProporcionar \u00e0s empresas a melhor solu\u00e7\u00e3o olfativa e um suporte para o desenvolvimento do mix dos seus produtos, capaz de maximizar os resultados desejados\u201d<\/strong>.<\/p>\n<\/div><\/div><\/div><\/div><div class=\"wpb_column brando-column-container brando-column-3 vc_col-sm-4 col-xs-mobile-fullwidth padding-three-all md-padding-three-all sm-padding-three-all xs-padding-ten-all no-margin-tb\" data-front-class=\"brando-column-container brando-column-3 col-xs-mobile-fullwidth padding-three-all md-padding-three-all sm-padding-three-all xs-padding-ten-all no-margin-tb\" style=\"background-color:#EFECEC;\" data-background-color=\"#EFECEC\"><div class=\"vc-column-innner-wrapper\"><div class=\"wpd-innner-wrapper\"><div class=\"brando-text-3\"><h4><strong>Vis\u00e3o<\/strong><\/h4>\n<p>Almejamos manter-nos como <strong>\u201cum referencial de confian\u00e7a no mercado brasileiro de fragr\u00e2ncias\u201d<\/strong>.<\/p>\n<\/div><\/div><\/div><\/div><div class=\"wpb_column brando-column-container brando-column-4 vc_col-sm-4 col-xs-mobile-fullwidth padding-three-all md-padding-three-all sm-padding-three-all xs-padding-ten-all\" data-front-class=\"brando-column-container brando-column-4 col-xs-mobile-fullwidth padding-three-all md-padding-three-all sm-padding-three-all xs-padding-ten-all\" style=\"background-color:#E1DEDE;\" data-background-color=\"#E1DEDE\"><div class=\"vc-column-innner-wrapper\"><div class=\"wpd-innner-wrapper\"><div class=\"brando-text-4\"><h4><strong>Valores<\/strong><\/h4>\n<p>Buscamos, como empresa e como time, entregar nosso melhor. E para isso, prezamos principalmente pelo:<\/p>\n<ul>\n<li><strong>Respeito ao ser humano e ao meio ambiente;<\/strong><\/li>\n<li><strong>Agilidade;<\/strong><\/li>\n<li><strong>Entusiasmo;<\/strong><\/li>\n<li><strong>Criatividade;<\/strong><\/li>\n<li><strong>\u00c9tica.<\/strong><\/li>\n<\/ul>\n<\/div><\/div><\/div><\/div><\/div><\/div><\/section><section class=\"brando-row-3\"><div class=\"container\"><div class=\"row\"><div class=\"wpb_column brando-column-container brando-column-5 vc_col-sm-12 col-xs-mobile-fullwidth\" data-front-class=\"brando-column-container brando-column-5 col-xs-mobile-fullwidth\"><div class=\"vc-column-innner-wrapper\"><div class=\"wpd-innner-wrapper\"><div class=\"brando-text-5\"><h4><strong>O que voc\u00ea encontra na Pr\u00edmola<\/strong><\/h4>\n<p>Voc\u00ea receber\u00e1 muito mais que as fragr\u00e2ncias da Pr\u00edmola. Entregamos vantagens competitivas e benef\u00edcios que agreguem valor e solu\u00e7\u00f5es ao seu neg\u00f3cio. Para tanto, focamos sempre na velocidade do atendimento dos projetos, mantendo a qualidade dos produtos, extrema agilidade na entrega dos pedidos, padr\u00e3o global de qualidade das mat\u00e9rias-primas utilizadas e fidelidade na formula\u00e7\u00e3o. O resultado dos nossos clientes \u00e9 o nosso resultado.<\/p>\n<p>Todo sucesso vem de uma trajet\u00f3ria, das constru\u00e7\u00f5es, realiza\u00e7\u00f5es e li\u00e7\u00f5es aprendidas. H\u00e1 25 anos nesse caminho pudemos consolidar o modo Pr\u00edmola de trabalhar. E, o mais importante, entregar fragr\u00e2ncias \u00fanicas e exclusivas para cada necessidade.<\/p>\n<\/div><\/div><\/div><\/div><\/div><\/div><\/section>\n","protected":false},"excerpt":{"rendered":"<p>Sobre N\u00f3sA Pr\u00edmola \u00e9 uma ind\u00fastria que se posiciona com uma incessante preocupa\u00e7\u00e3o em entregar excel\u00eancia em forma de fragr\u00e2ncias para o mercado consumidor. O ESSENCIAL \u00c9 INVIS\u00cdVEL AOS OLHOS. Nos orgulhamos de desenvolver fragr\u00e2ncias \u00fanicas e exclusivas com uma ampla paleta de ingredientes de qualidade global. Nosso processo produtivo possui uma r\u00e9gua de atendimento [&hellip;]<\/p>\n","protected":false},"author":1,"featured_media":0,"parent":0,"menu_order":0,"comment_status":"closed","ping_status":"closed","template":"","meta":{"footnotes":""},"class_list":["post-7020","page","type-page","status-publish","hentry"],"_links":{"self":[{"href":"https:\/\/www.primola.com.br\/index.php?rest_route=\/wp\/v2\/pages\/7020","targetHints":{"allow":["GET"]}}],"collection":[{"href":"https:\/\/www.primola.com.br\/index.php?rest_route=\/wp\/v2\/pages"}],"about":[{"href":"https:\/\/www.primola.com.br\/index.php?rest_route=\/wp\/v2\/types\/page"}],"author":[{"embeddable":true,"href":"https:\/\/www.primola.com.br\/index.php?rest_route=\/wp\/v2\/users\/1"}],"replies":[{"embeddable":true,"href":"https:\/\/www.primola.com.br\/index.php?rest_route=%2Fwp%2Fv2%2Fcomments&post=7020"}],"version-history":[{"count":52,"href":"https:\/\/www.primola.com.br\/index.php?rest_route=\/wp\/v2\/pages\/7020\/revisions"}],"predecessor-version":[{"id":7215,"href":"https:\/\/www.primola.com.br\/index.php?rest_route=\/wp\/v2\/pages\/7020\/revisions\/7215"}],"wp:attachment":[{"href":"https:\/\/www.primola.com.br\/index.php?rest_route=%2Fwp%2Fv2%2Fmedia&parent=7020"}],"curies":[{"name":"wp","href":"https:\/\/api.w.org\/{rel}","templated":true}]}}